{"id":12011,"date":"2025-04-17T10:31:21","date_gmt":"2025-04-17T10:31:21","guid":{"rendered":"https:\/\/imagetrd.com\/?post_type=product&#038;p=12011"},"modified":"2025-04-17T10:31:22","modified_gmt":"2025-04-17T10:31:22","slug":"xiaomi-redmi-buds-5-white-3","status":"publish","type":"product","link":"https:\/\/imagetrd.com\/?product=xiaomi-redmi-buds-5-white-3","title":{"rendered":"Xiaomi Redmi Buds 5 White"},"content":{"rendered":"<div id=\"productOverview_feature_div\" class=\"celwidget\" data-feature-name=\"productOverview\" data-csa-c-type=\"widget\" data-csa-c-content-id=\"productOverview\" data-csa-c-slot-id=\"productOverview_feature_div\" data-csa-c-asin=\"B0CQKD5N9X\" data-csa-c-is-in-initial-active-row=\"false\" data-csa-c-id=\"ugfhnm-4c26j7-kheobu-jsphc3\" data-cel-widget=\"productOverview_feature_div\">\n<div class=\"a-section a-spacing-small a-spacing-top-small\">\n<table class=\"a-normal a-spacing-micro\" role=\"list\">\n<tbody>\n<tr class=\"a-spacing-small po-brand\" role=\"listitem\">\n<td class=\"a-span3\" role=\"presentation\"><span class=\"a-size-base a-text-bold\">Brand<\/span><\/td>\n<td class=\"a-span9\" role=\"presentation\"><span class=\"a-size-base po-break-word\">Xiaomi<\/span><\/td>\n<\/tr>\n<tr class=\"a-spacing-small po-color\" role=\"listitem\">\n<td class=\"a-span3\" role=\"presentation\"><span class=\"a-size-base a-text-bold\">Colour<\/span><\/td>\n<td class=\"a-span9\" role=\"presentation\"><span class=\"a-size-base po-break-word\">WHITE<\/span><\/td>\n<\/tr>\n<tr class=\"a-spacing-small po-headphones_ear_placement\" role=\"listitem\">\n<td class=\"a-span3\" role=\"presentation\"><span class=\"a-size-base a-text-bold\">Ear placement<\/span><\/td>\n<td class=\"a-span9\" role=\"presentation\"><span class=\"a-size-base po-break-word\">In Ear<\/span><\/td>\n<\/tr>\n<tr class=\"a-spacing-small po-headphones_form_factor\" role=\"listitem\">\n<td class=\"a-span3\" role=\"presentation\"><span class=\"a-size-base a-text-bold\">Form factor<\/span><\/td>\n<td class=\"a-span9\" role=\"presentation\"><span class=\"a-size-base po-break-word\">In Ear<\/span><\/td>\n<\/tr>\n<tr class=\"a-spacing-small po-impedance\" role=\"listitem\">\n<td class=\"a-span3\" role=\"presentation\"><span class=\"a-size-base a-text-bold\">Impedance<\/span><\/td>\n<td class=\"a-span9\" role=\"presentation\"><span class=\"a-size-base po-break-word\">16 Ohm<\/span><\/td>\n<\/tr>\n<\/tbody>\n<\/table>\n<\/div>\n<\/div>\n<div id=\"featurebullets_feature_div\" class=\"celwidget\" data-feature-name=\"featurebullets\" data-csa-c-type=\"widget\" data-csa-c-content-id=\"featurebullets\" data-csa-c-slot-id=\"featurebullets_feature_div\" data-csa-c-asin=\"B0CQKD5N9X\" data-csa-c-is-in-initial-active-row=\"false\" data-csa-c-id=\"8uhrms-xeyvyb-gmmr3s-djabrt\" data-cel-widget=\"featurebullets_feature_div\">\n<div id=\"feature-bullets\" class=\"a-section a-spacing-medium a-spacing-top-small\">\n<hr class=\"a-divider-normal\" aria-hidden=\"true\" \/>\n<h2 class=\"a-size-base-plus a-text-bold\">About this item<\/h2>\n<ul class=\"a-unordered-list a-vertical a-spacing-mini\">\n<li class=\"a-spacing-mini\"><span class=\"a-list-item\">12.4mm dynamic driver with titanium diaphragm AI noise reduction for calls Convenient dual-device connectivity Up to 46dB active noise cancellation with three transparency modes Up to 40 hours long battery life with charging case<\/span><\/li>\n<\/ul>\n<h2 class=\"default\">Product description<\/h2>\n<div id=\"productDescription\" class=\"a-section a-spacing-small\">\n<p>12.4mm dynamic driver with titanium diaphragm AI noise reduction for calls Convenient dual-device connectivity Up to 46dB active noise cancellation with three transparency modes Up to 40 hours long battery life with charging case Technical specifications: Dimensions and weight Weight of a single earbud: 5.3g Size of a single earbud: 29.5 \u00d7 21.4 \u00d7 23.5mm Weight of charging case: 31.4g Dimensions of charging case: 61 \u00d7 50 \u00d7 24.6mm Total weight: 42g Charging Battery capacity Earbuds: 54mAh Charging case: 480mAh Charging port: Type-C Earbud input parameters: 5V-150mA Charging case input parameters: 5V-500mA Charging case output parameters:: 5V-320mA Connection Wireless connection: Bluetooth\u00ae 5.3 Bluetooth protocols: HSP, HFP, A2DP, AVRCP Communication range: 10m (open space free of obstacles) Speaker impedance: 32\u03a9<\/p>\n<\/div>\n<\/div>\n<\/div>\n","protected":false},"excerpt":{"rendered":"<p>Brand Xiaomi Colour WHITE Ear placement In Ear Form factor In Ear Impedance 16 Ohm About this item 12.4mm dynamic driver with titanium diaphragm AI noise reduction for calls Convenient dual-device connectivity Up to 46dB active noise cancellation with three transparency modes Up to 40 hours long battery life with charging case Product description 12.4mm [&hellip;]<\/p>\n","protected":false},"featured_media":12012,"comment_status":"open","ping_status":"closed","template":"","meta":{"content-type":""},"product_cat":[16],"product_tag":[],"class_list":{"0":"post-12011","1":"product","2":"type-product","3":"status-publish","4":"has-post-thumbnail","6":"product_cat-uncategorized","7":"has-post-title","8":"has-post-date","9":"has-post-category","10":"has-post-tag","11":"has-post-comment","12":"has-post-author","13":"","15":"first","16":"instock","17":"sale","18":"shipping-taxable","19":"purchasable","20":"product-type-simple"},"yoast_head":"<!-- This site is optimized with the Yoast SEO plugin v21.7 - https:\/\/yoast.com\/wordpress\/plugins\/seo\/ -->\n<title>Xiaomi Redmi Buds 5 White - Image Trade LLC<\/title>\n<meta name=\"robots\" content=\"index, follow, max-snippet:-1, max-image-preview:large, max-video-preview:-1\" \/>\n<link rel=\"canonical\" href=\"https:\/\/imagetrd.com\/?product=xiaomi-redmi-buds-5-white-3\" \/>\n<meta property=\"og:locale\" content=\"en_US\" \/>\n<meta property=\"og:type\" content=\"article\" \/>\n<meta property=\"og:title\" content=\"Xiaomi Redmi Buds 5 White - Image Trade LLC\" \/>\n<meta property=\"og:description\" content=\"Brand Xiaomi Colour WHITE Ear placement In Ear Form factor In Ear Impedance 16 Ohm About this item 12.4mm dynamic driver with titanium diaphragm AI noise reduction for calls Convenient dual-device connectivity Up to 46dB active noise cancellation with three transparency modes Up to 40 hours long battery life with charging case Product description 12.4mm [&hellip;]\" \/>\n<meta property=\"og:url\" content=\"https:\/\/imagetrd.com\/?product=xiaomi-redmi-buds-5-white-3\" \/>\n<meta property=\"og:site_name\" content=\"Image Trade LLC\" \/>\n<meta property=\"article:modified_time\" content=\"2025-04-17T10:31:22+00:00\" \/>\n<meta property=\"og:image\" content=\"https:\/\/imagetrd.com\/wp-content\/uploads\/2025\/04\/Capture.jpg\" \/>\n\t<meta property=\"og:image:width\" content=\"860\" \/>\n\t<meta property=\"og:image:height\" content=\"692\" \/>\n\t<meta property=\"og:image:type\" content=\"image\/jpeg\" \/>\n<meta name=\"twitter:card\" content=\"summary_large_image\" \/>\n<meta name=\"twitter:label1\" content=\"Est. reading time\" \/>\n\t<meta name=\"twitter:data1\" content=\"1 minute\" \/>\n<script type=\"application\/ld+json\" class=\"yoast-schema-graph\">{\"@context\":\"https:\/\/schema.org\",\"@graph\":[{\"@type\":\"WebPage\",\"@id\":\"https:\/\/imagetrd.com\/?product=xiaomi-redmi-buds-5-white-3\",\"url\":\"https:\/\/imagetrd.com\/?product=xiaomi-redmi-buds-5-white-3\",\"name\":\"Xiaomi Redmi Buds 5 White - Image Trade LLC\",\"isPartOf\":{\"@id\":\"https:\/\/imagetrd.com\/#website\"},\"datePublished\":\"2025-04-17T10:31:21+00:00\",\"dateModified\":\"2025-04-17T10:31:22+00:00\",\"breadcrumb\":{\"@id\":\"https:\/\/imagetrd.com\/?product=xiaomi-redmi-buds-5-white-3#breadcrumb\"},\"inLanguage\":\"en-US\",\"potentialAction\":[{\"@type\":\"ReadAction\",\"target\":[\"https:\/\/imagetrd.com\/?product=xiaomi-redmi-buds-5-white-3\"]}]},{\"@type\":\"BreadcrumbList\",\"@id\":\"https:\/\/imagetrd.com\/?product=xiaomi-redmi-buds-5-white-3#breadcrumb\",\"itemListElement\":[{\"@type\":\"ListItem\",\"position\":1,\"name\":\"Home\",\"item\":\"https:\/\/imagetrd.com\/\"},{\"@type\":\"ListItem\",\"position\":2,\"name\":\"Shop\",\"item\":\"https:\/\/imagetrd.com\/?page_id=16\"},{\"@type\":\"ListItem\",\"position\":3,\"name\":\"Xiaomi Redmi Buds 5 White\"}]},{\"@type\":\"WebSite\",\"@id\":\"https:\/\/imagetrd.com\/#website\",\"url\":\"https:\/\/imagetrd.com\/\",\"name\":\"Image Trading\",\"description\":\"\",\"publisher\":{\"@id\":\"https:\/\/imagetrd.com\/#organization\"},\"potentialAction\":[{\"@type\":\"SearchAction\",\"target\":{\"@type\":\"EntryPoint\",\"urlTemplate\":\"https:\/\/imagetrd.com\/?s={search_term_string}\"},\"query-input\":\"required name=search_term_string\"}],\"inLanguage\":\"en-US\"},{\"@type\":\"Organization\",\"@id\":\"https:\/\/imagetrd.com\/#organization\",\"name\":\"Image Trading\",\"url\":\"https:\/\/imagetrd.com\/\",\"logo\":{\"@type\":\"ImageObject\",\"inLanguage\":\"en-US\",\"@id\":\"https:\/\/imagetrd.com\/#\/schema\/logo\/image\/\",\"url\":\"https:\/\/imagetrd.com\/wp-content\/uploads\/2024\/01\/LOGO.jpg\",\"contentUrl\":\"https:\/\/imagetrd.com\/wp-content\/uploads\/2024\/01\/LOGO.jpg\",\"width\":388,\"height\":277,\"caption\":\"Image Trading\"},\"image\":{\"@id\":\"https:\/\/imagetrd.com\/#\/schema\/logo\/image\/\"}}]}<\/script>\n<!-- \/ Yoast SEO plugin. -->","yoast_head_json":{"title":"Xiaomi Redmi Buds 5 White - Image Trade LLC","robots":{"index":"index","follow":"follow","max-snippet":"max-snippet:-1","max-image-preview":"max-image-preview:large","max-video-preview":"max-video-preview:-1"},"canonical":"https:\/\/imagetrd.com\/?product=xiaomi-redmi-buds-5-white-3","og_locale":"en_US","og_type":"article","og_title":"Xiaomi Redmi Buds 5 White - Image Trade LLC","og_description":"Brand Xiaomi Colour WHITE Ear placement In Ear Form factor In Ear Impedance 16 Ohm About this item 12.4mm dynamic driver with titanium diaphragm AI noise reduction for calls Convenient dual-device connectivity Up to 46dB active noise cancellation with three transparency modes Up to 40 hours long battery life with charging case Product description 12.4mm [&hellip;]","og_url":"https:\/\/imagetrd.com\/?product=xiaomi-redmi-buds-5-white-3","og_site_name":"Image Trade LLC","article_modified_time":"2025-04-17T10:31:22+00:00","og_image":[{"width":860,"height":692,"url":"https:\/\/imagetrd.com\/wp-content\/uploads\/2025\/04\/Capture.jpg","type":"image\/jpeg"}],"twitter_card":"summary_large_image","twitter_misc":{"Est. reading time":"1 minute"},"schema":{"@context":"https:\/\/schema.org","@graph":[{"@type":"WebPage","@id":"https:\/\/imagetrd.com\/?product=xiaomi-redmi-buds-5-white-3","url":"https:\/\/imagetrd.com\/?product=xiaomi-redmi-buds-5-white-3","name":"Xiaomi Redmi Buds 5 White - Image Trade LLC","isPartOf":{"@id":"https:\/\/imagetrd.com\/#website"},"datePublished":"2025-04-17T10:31:21+00:00","dateModified":"2025-04-17T10:31:22+00:00","breadcrumb":{"@id":"https:\/\/imagetrd.com\/?product=xiaomi-redmi-buds-5-white-3#breadcrumb"},"inLanguage":"en-US","potentialAction":[{"@type":"ReadAction","target":["https:\/\/imagetrd.com\/?product=xiaomi-redmi-buds-5-white-3"]}]},{"@type":"BreadcrumbList","@id":"https:\/\/imagetrd.com\/?product=xiaomi-redmi-buds-5-white-3#breadcrumb","itemListElement":[{"@type":"ListItem","position":1,"name":"Home","item":"https:\/\/imagetrd.com\/"},{"@type":"ListItem","position":2,"name":"Shop","item":"https:\/\/imagetrd.com\/?page_id=16"},{"@type":"ListItem","position":3,"name":"Xiaomi Redmi Buds 5 White"}]},{"@type":"WebSite","@id":"https:\/\/imagetrd.com\/#website","url":"https:\/\/imagetrd.com\/","name":"Image Trading","description":"","publisher":{"@id":"https:\/\/imagetrd.com\/#organization"},"potentialAction":[{"@type":"SearchAction","target":{"@type":"EntryPoint","urlTemplate":"https:\/\/imagetrd.com\/?s={search_term_string}"},"query-input":"required name=search_term_string"}],"inLanguage":"en-US"},{"@type":"Organization","@id":"https:\/\/imagetrd.com\/#organization","name":"Image Trading","url":"https:\/\/imagetrd.com\/","logo":{"@type":"ImageObject","inLanguage":"en-US","@id":"https:\/\/imagetrd.com\/#\/schema\/logo\/image\/","url":"https:\/\/imagetrd.com\/wp-content\/uploads\/2024\/01\/LOGO.jpg","contentUrl":"https:\/\/imagetrd.com\/wp-content\/uploads\/2024\/01\/LOGO.jpg","width":388,"height":277,"caption":"Image Trading"},"image":{"@id":"https:\/\/imagetrd.com\/#\/schema\/logo\/image\/"}}]}},"builder_content":"","_links":{"self":[{"href":"https:\/\/imagetrd.com\/index.php?rest_route=\/wp\/v2\/product\/12011","targetHints":{"allow":["GET"]}}],"collection":[{"href":"https:\/\/imagetrd.com\/index.php?rest_route=\/wp\/v2\/product"}],"about":[{"href":"https:\/\/imagetrd.com\/index.php?rest_route=\/wp\/v2\/types\/product"}],"replies":[{"embeddable":true,"href":"https:\/\/imagetrd.com\/index.php?rest_route=%2Fwp%2Fv2%2Fcomments&post=12011"}],"wp:featuredmedia":[{"embeddable":true,"href":"https:\/\/imagetrd.com\/index.php?rest_route=\/wp\/v2\/media\/12012"}],"wp:attachment":[{"href":"https:\/\/imagetrd.com\/index.php?rest_route=%2Fwp%2Fv2%2Fmedia&parent=12011"}],"wp:term":[{"taxonomy":"product_cat","embeddable":true,"href":"https:\/\/imagetrd.com\/index.php?rest_route=%2Fwp%2Fv2%2Fproduct_cat&post=12011"},{"taxonomy":"product_tag","embeddable":true,"href":"https:\/\/imagetrd.com\/index.php?rest_route=%2Fwp%2Fv2%2Fproduct_tag&post=12011"}],"curies":[{"name":"wp","href":"https:\/\/api.w.org\/{rel}","templated":true}]}}